{"id":15257,"date":"2024-02-14T11:02:34","date_gmt":"2024-02-14T11:02:34","guid":{"rendered":"http:\/\/192.168.0.134:10115\/contact-copy\/"},"modified":"2025-10-23T10:21:18","modified_gmt":"2025-10-23T08:21:18","slug":"contact","status":"publish","type":"page","link":"https:\/\/tropicalenergy.bj\/en\/contact\/","title":{"rendered":"Contact"},"content":{"rendered":"<div data-elementor-type=\"wp-page\" data-elementor-id=\"15257\" class=\"elementor elementor-15257\">\n\t\t\t\t\r\n\t\t<div class=\"default no-position show_shadow rs-sticky-default elementor-element elementor-element-528f55a e-flex e-con-boxed e-con e-parent\" data-id=\"528f55a\" data-element_type=\"container\">\n\t\t\t\t\t<div class=\"e-con-inner\">\n\t\t\r\n\t\t\t\t<div class=\"elementor-element elementor-element-eda1b90 elementor-widget elementor-widget-heading\" data-id=\"eda1b90\" data-element_type=\"widget\" data-widget_type=\"heading.default\">\n\t\t\t\t\t<h3 class=\"elementor-heading-title elementor-size-default\">CONTACT US<\/h3>\t\t\t\t<\/div>\n\t\t\t\t\t<\/div>\n\t\t\t\t<\/div>\n\t\t\r\n\t\t<div class=\"default no-position show_shadow rs-sticky-default elementor-element elementor-element-da66d90 e-flex e-con-boxed e-con e-parent\" data-id=\"da66d90\" data-element_type=\"container\">\n\t\t\t\t\t<div class=\"e-con-inner\">\n\t\t\r\n\t\t\t\t<div class=\"elementor-element elementor-element-5a57156 elementor-widget elementor-widget-html\" data-id=\"5a57156\" data-element_type=\"widget\" data-widget_type=\"html.default\">\n\t\t\t\t\t<link rel=\"stylesheet\" href=\"https:\/\/cdnjs.cloudflare.com\/ajax\/libs\/font-awesome\/6.4.0\/css\/all.min.css\">\r\n<style>\r\n    .tc-contact-container * {\r\n        margin: 0;\r\n        padding: 0;\r\n        box-sizing: border-box;\r\n    }\r\n\r\n    .tc-contact-container {\r\n        max-width: 1200px;\r\n        margin: 0 auto;\r\n        display: grid;\r\n        grid-template-columns: repeat(auto-fit, minmax(280px, 1fr));\r\n        gap: 30px;\r\n        padding: 20px;\r\n        font-family: 'Segoe UI', Tahoma, Geneva, Verdana, sans-serif;\r\n    }\r\n\r\n    .tc-contact-card {\r\n        background: #ffffff;\r\n        border-radius: 20px;\r\n        padding: 40px 30px;\r\n        text-align: center;\r\n        box-shadow: 0 10px 40px rgba(0, 114, 206, 0.1);\r\n        transition: all 0.4s cubic-bezier(0.175, 0.885, 0.32, 1.275);\r\n        position: relative;\r\n        overflow: hidden;\r\n    }\r\n\r\n    .tc-contact-card::before {\r\n        content: '';\r\n        position: absolute;\r\n        top: 0;\r\n        left: 0;\r\n        width: 100%;\r\n        height: 5px;\r\n        background: linear-gradient(90deg, #0072CE, #005ca8);\r\n        transform: scaleX(0);\r\n        transition: transform 0.4s ease;\r\n    }\r\n\r\n    .tc-contact-card:hover {\r\n        transform: translateY(-10px);\r\n        box-shadow: 0 20px 60px rgba(0, 114, 206, 0.2);\r\n    }\r\n\r\n    .tc-contact-card:hover::before {\r\n        transform: scaleX(1);\r\n    }\r\n\r\n    .tc-icon-wrapper {\r\n        width: 80px;\r\n        height: 80px;\r\n        margin: 0 auto 25px;\r\n        background: linear-gradient(135deg, #0072CE, #005ca8);\r\n        border-radius: 50%;\r\n        display: flex;\r\n        align-items: center;\r\n        justify-content: center;\r\n        position: relative;\r\n        transition: all 0.4s ease;\r\n        box-shadow: 0 8px 25px rgba(0, 114, 206, 0.3);\r\n    }\r\n\r\n    .tc-contact-card:hover .tc-icon-wrapper {\r\n        transform: rotate(360deg) scale(1.1);\r\n        box-shadow: 0 12px 35px rgba(0, 114, 206, 0.4);\r\n    }\r\n\r\n    .tc-icon-wrapper::after {\r\n        content: '';\r\n        position: absolute;\r\n        width: 100%;\r\n        height: 100%;\r\n        border-radius: 50%;\r\n        background: linear-gradient(135deg, #0072CE, #005ca8);\r\n        opacity: 0.3;\r\n        animation: tc-pulse 2s infinite;\r\n    }\r\n\r\n    @keyframes tc-pulse {\r\n        0%, 100% {\r\n            transform: scale(1);\r\n            opacity: 0.3;\r\n        }\r\n        50% {\r\n            transform: scale(1.3);\r\n            opacity: 0;\r\n        }\r\n    }\r\n\r\n    .tc-icon-wrapper i {\r\n        font-size: 35px;\r\n        color: #ffffff;\r\n        z-index: 1;\r\n    }\r\n\r\n    .tc-contact-card h3 {\r\n        font-size: 24px;\r\n        font-weight: 700;\r\n        color: #000000;\r\n        margin-bottom: 20px;\r\n        letter-spacing: 0.5px;\r\n    }\r\n\r\n    .tc-contact-info {\r\n        display: flex;\r\n        flex-direction: column;\r\n        gap: 12px;\r\n    }\r\n\r\n    .tc-contact-info p,\r\n    .tc-contact-info a {\r\n        color: #0072CE;\r\n        font-size: 16px;\r\n        font-weight: 500;\r\n        text-decoration: none;\r\n        transition: all 0.3s ease;\r\n        padding: 5px 15px;\r\n        border-radius: 8px;\r\n    }\r\n\r\n    .tc-contact-info a:hover {\r\n        transform: translateX(5px);\r\n        color: #005ca8;\r\n    }\r\n\r\n    @media (max-width: 768px) {\r\n        .tc-contact-container {\r\n            grid-template-columns: 1fr;\r\n            gap: 25px;\r\n            padding: 10px;\r\n        }\r\n\r\n        .tc-contact-card {\r\n            padding: 35px 25px;\r\n        }\r\n\r\n        .tc-icon-wrapper {\r\n            width: 70px;\r\n            height: 70px;\r\n        }\r\n\r\n        .tc-icon-wrapper i {\r\n            font-size: 30px;\r\n        }\r\n\r\n        .tc-contact-card h3 {\r\n            font-size: 22px;\r\n        }\r\n\r\n        .tc-contact-info p,\r\n        .tc-contact-info a {\r\n            font-size: 15px;\r\n        }\r\n    }\r\n\r\n    @media (max-width: 480px) {\r\n        .tc-contact-card h3 {\r\n            font-size: 20px;\r\n        }\r\n\r\n        .tc-contact-info p,\r\n        .tc-contact-info a {\r\n            font-size: 14px;\r\n        }\r\n    }\r\n<\/style>\r\n\r\n<div class=\"tc-contact-container\">\r\n    <!-- Card 1: Adresses -->\r\n    <div class=\"tc-contact-card\">\r\n        <div class=\"tc-icon-wrapper\">\r\n            <i class=\"fas fa-map-marker-alt\"><\/i>\r\n        <\/div>\r\n        <h3>Addresses<\/h3>\r\n        <div class=\"tc-contact-info\">\r\n            <p>B\u00e9nin<\/p>\r\n            <p>Cotonou : Sik\u00e8codji<\/p>\r\n            <p>Parakou : Ladjifarani<\/p>\r\n        <\/div>\r\n    <\/div>\r\n\r\n    <!-- Card 2: T\u00e9l\u00e9phone -->\r\n    <div class=\"tc-contact-card\">\r\n        <div class=\"tc-icon-wrapper\">\r\n            <i class=\"fas fa-phone-alt\"><\/i>\r\n        <\/div>\r\n        <h3>Phone<\/h3>\r\n        <div class=\"tc-contact-info\">\r\n            <p>+(229)<\/p>\r\n            <a href=\"tel:+22901970023997\">01 97 00 23 97<\/a>\r\n            <a href=\"tel:+22901432122222\">01 43 21 22 22<\/a>\r\n        <\/div>\r\n    <\/div>\r\n\r\n    <!-- Card 3: Email -->\r\n    <div class=\"tc-contact-card\">\r\n        <div class=\"tc-icon-wrapper\">\r\n            <i class=\"fas fa-envelope\"><\/i>\r\n        <\/div>\r\n        <h3>Email<\/h3>\r\n        <div class=\"tc-contact-info\">\r\n            <a href=\"https:\/\/mail.google.com\/mail\/?view=cm&fs=1&to=contact@tropicalenergy.bj\" target=\"_blank\">contact@tropicalenergy.bj<\/a>\r\n            <a href=\"https:\/\/mail.google.com\/mail\/?view=cm&fs=1&to=ceo@tropicalenergy.bj\" target=\"_blank\">ceo@tropicalenergy.bj<\/a>\r\n            <a href=\"https:\/\/mail.google.com\/mail\/?view=cm&fs=1&to=tech@tropicalenergy.bj\" target=\"_blank\">tech@tropicalenergy.bj<\/a>\r\n        <\/div>\r\n    <\/div>\r\n<\/div>\r\n\t\t\t\t<\/div>\n\t\t\t\t\t<\/div>\n\t\t\t\t<\/div>\n\t\t\r\n\t\t<div class=\"default no-position show_shadow rs-sticky-default elementor-element elementor-element-b289e2c e-con-full e-flex e-con e-parent\" data-id=\"b289e2c\" data-element_type=\"container\" data-settings=\"{&quot;background_background&quot;:&quot;classic&quot;}\">\n\t\t\r\n\t\t<div class=\"default no-position show_shadow rs-sticky-default elementor-element elementor-element-a12073c e-con-full e-flex e-con e-child\" data-id=\"a12073c\" data-element_type=\"container\" data-settings=\"{&quot;background_background&quot;:&quot;classic&quot;}\">\n\t\t\r\n\t\t\t\t<div class=\"elementor-element elementor-element-0f44b66 elementor-widget-laptop__width-initial elementor-widget__width-initial elementor-widget-mobile__width-inherit elementor-widget elementor-widget-rs-heading\" data-id=\"0f44b66\" data-element_type=\"widget\" data-widget_type=\"rs-heading.default\">\n\t\t\t\t<div class=\"elementor-widget-container\">\n\t\t\t\t\t\n\t\t<div class=\"prelements-heading style1\">\n\t\t\t<div class=\"title-inner\">\n\t\t\t\t<h3 class=\"title rs-split-text-disable\">Get in touch<\/h3>\n\t\t\t<\/div>\n\t\t\t\t\t\t\t<div class=\"description\">\n\t\t\t\t\t<p>Together, let's bring your projects and a cleaner energy future to life.<\/p>\t\t\t\t<\/div>\n\t\t\t\t\t<\/div>\n\t\t\t\t<\/div>\n\t\t\t\t<\/div>\n\t\t\r\n\t\t\t\t<div class=\"elementor-element elementor-element-c99acaa elementor-widget elementor-widget-rs-cf7\" data-id=\"c99acaa\" data-element_type=\"widget\" data-widget_type=\"rs-cf7.default\">\n\t\t\t\t<div class=\"elementor-widget-container\">\n\t\t\t\t\t\n<div class=\"wpcf7 no-js\" id=\"wpcf7-f29449-o1\" lang=\"fr-FR\" dir=\"ltr\" data-wpcf7-id=\"29449\">\n<div class=\"screen-reader-response\"><p role=\"status\" aria-live=\"polite\" aria-atomic=\"true\"><\/p> <ul><\/ul><\/div>\n<form action=\"\/en\/wp-json\/wp\/v2\/pages\/15257#wpcf7-f29449-o1\" method=\"post\" class=\"wpcf7-form init\" aria-label=\"Contact form\" enctype=\"multipart\/form-data\" novalidate=\"novalidate\" data-status=\"init\" data-trp-original-action=\"\/en\/wp-json\/wp\/v2\/pages\/15257#wpcf7-f29449-o1\">\n<fieldset class=\"hidden-fields-container\"><input type=\"hidden\" name=\"_wpcf7\" value=\"29449\" \/><input type=\"hidden\" name=\"_wpcf7_version\" value=\"6.1\" \/><input type=\"hidden\" name=\"_wpcf7_locale\" value=\"fr_FR\" \/><input type=\"hidden\" name=\"_wpcf7_unit_tag\" value=\"wpcf7-f29449-o1\" \/><input type=\"hidden\" name=\"_wpcf7_container_post\" value=\"0\" \/><input type=\"hidden\" name=\"_wpcf7_posted_data_hash\" value=\"\" \/>\n<\/fieldset>\n<div class=\"form-container\">\n\t<p><label>Name<\/label><br \/>\n<span class=\"wpcf7-form-control-wrap\" data-name=\"your-name\"><input size=\"40\" maxlength=\"400\" class=\"wpcf7-form-control wpcf7-text wpcf7-validates-as-required form-input\" aria-required=\"true\" aria-invalid=\"false\" placeholder=\"Your name\" value=\"\" type=\"text\" name=\"your-name\" \/><\/span>\n\t<\/p>\n\t<p><label>Email *<\/label><br \/>\n<span class=\"wpcf7-form-control-wrap\" data-name=\"your-email\"><input size=\"40\" maxlength=\"400\" class=\"wpcf7-form-control wpcf7-email wpcf7-validates-as-required wpcf7-text wpcf7-validates-as-email form-input\" aria-required=\"true\" aria-invalid=\"false\" placeholder=\"your @email.com\" value=\"\" type=\"email\" name=\"your-email\" \/><\/span>\n\t<\/p>\n\t<p><label>Message<\/label><br \/>\n<span class=\"wpcf7-form-control-wrap\" data-name=\"your-message\"><textarea cols=\"40\" rows=\"10\" maxlength=\"2000\" class=\"wpcf7-form-control wpcf7-textarea form-textarea\" aria-invalid=\"false\" placeholder=\"Write your message here...\" name=\"your-message\"><\/textarea><\/span>\n\t<\/p>\n\t<p><label>Attach a file (PDF, JPG, PNG \u2013 max 5MB)<\/label><br \/>\n<span class=\"wpcf7-form-control-wrap\" data-name=\"your-file\"><input size=\"40\" class=\"wpcf7-form-control wpcf7-file form-file\" accept=\".pdf,.jpg,.png,.jpeg\" aria-invalid=\"false\" type=\"file\" name=\"your-file\" \/><\/span>\n\t<\/p>\n\t<div class=\"form-submit\">\n\t\t<p><input class=\"wpcf7-form-control wpcf7-submit has-spinner\" type=\"submit\" value=\"Send\" \/>\n\t\t<\/p>\n\t<\/div>\n<\/div><div class=\"wpcf7-response-output\" aria-hidden=\"true\"><\/div>\n<input type=\"hidden\" name=\"trp-form-language\" value=\"en\"\/><\/form>\n<\/div>\n\t\t\t\t<\/div>\n\t\t\t\t<\/div>\n\t\t\t\t<\/div>\n\t\t\t\t<\/div>\n\t\t\r\n\t\t<div class=\"default no-position show_shadow rs-sticky-default elementor-element elementor-element-d543bdc e-flex e-con-boxed e-con e-parent\" data-id=\"d543bdc\" data-element_type=\"container\">\n\t\t\t\t\t<div class=\"e-con-inner\">\n\t\t\t\t\t<\/div>\n\t\t\t\t<\/div>\n\t\t\t\t<\/div>","protected":false},"excerpt":{"rendered":"<p>NOUS JOINDRE Adresses B\u00e9nin Cotonou : Sik\u00e8codji Parakou : Ladjifarani T\u00e9l\u00e9phone +(229) 01 97 00 23 97 01 43 21 22 22 Email contact@tropicalenergy.bj ceo@tropicalenergy.bj tech@tropicalenergy.bj Entrer en contact Ensemble, donnons vie \u00e0 vos projets et \u00e0 un avenir \u00e9nerg\u00e9tique plus propre. Nom * Email * Message Joindre un fichier (PDF, JPG, PNG \u2013 max&#8230;<\/p>","protected":false},"author":1,"featured_media":0,"parent":0,"menu_order":0,"comment_status":"closed","ping_status":"open","template":"elementor_header_footer","meta":{"footnotes":""},"class_list":["post-15257","page","type-page","status-publish","hentry"],"_links":{"self":[{"href":"https:\/\/tropicalenergy.bj\/en\/wp-json\/wp\/v2\/pages\/15257","targetHints":{"allow":["GET"]}}],"collection":[{"href":"https:\/\/tropicalenergy.bj\/en\/wp-json\/wp\/v2\/pages"}],"about":[{"href":"https:\/\/tropicalenergy.bj\/en\/wp-json\/wp\/v2\/types\/page"}],"author":[{"embeddable":true,"href":"https:\/\/tropicalenergy.bj\/en\/wp-json\/wp\/v2\/users\/1"}],"replies":[{"embeddable":true,"href":"https:\/\/tropicalenergy.bj\/en\/wp-json\/wp\/v2\/comments?post=15257"}],"version-history":[{"count":0,"href":"https:\/\/tropicalenergy.bj\/en\/wp-json\/wp\/v2\/pages\/15257\/revisions"}],"wp:attachment":[{"href":"https:\/\/tropicalenergy.bj\/en\/wp-json\/wp\/v2\/media?parent=15257"}],"curies":[{"name":"wp","href":"https:\/\/api.w.org\/{rel}","templated":true}]}}