{"id":26,"date":"2024-01-03T11:06:22","date_gmt":"2024-01-03T11:06:22","guid":{"rendered":"http:\/\/192.168.0.130:10046\/?page_id=26"},"modified":"2025-10-03T15:48:05","modified_gmt":"2025-10-03T13:48:05","slug":"services","status":"publish","type":"page","link":"https:\/\/tropicalenergy.bj\/en\/services\/","title":{"rendered":"Services"},"content":{"rendered":"<div data-elementor-type=\"wp-page\" data-elementor-id=\"26\" class=\"elementor elementor-26\">\n\t\t\t\t\r\n\t\t<div class=\"default no-position show_shadow rs-sticky-default elementor-element elementor-element-8f06933 e-flex e-con-boxed e-con e-parent\" data-id=\"8f06933\" data-element_type=\"container\">\n\t\t\t\t\t<div class=\"e-con-inner\">\n\t\t\r\n\t\t<div class=\"default no-position show_shadow rs-sticky-default elementor-element elementor-element-6127236 e-con-full elementor-hidden-tablet elementor-hidden-mobile e-flex e-con e-child\" data-id=\"6127236\" data-element_type=\"container\">\n\t\t\t\t<\/div>\n\t\t\r\n\t\t<div class=\"default no-position show_shadow rs-sticky-default elementor-element elementor-element-eed2580 e-con-full e-flex e-con e-child\" data-id=\"eed2580\" data-element_type=\"container\">\n\t\t\r\n\t\t\t\t<div class=\"elementor-element elementor-element-7b84bde elementor-widget__width-initial elementor-widget elementor-widget-rs-heading\" data-id=\"7b84bde\" data-element_type=\"widget\" data-widget_type=\"rs-heading.default\">\n\t\t\t\t<div class=\"elementor-widget-container\">\n\t\t\t\t\t\n\t\t<div class=\"prelements-heading style1\">\n\t\t\t<div class=\"title-inner\">\n\t\t\t\t<h3 class=\"title rs-split-text-disable\">TROPICAL ENERGY <\/h3>\n\t\t\t<\/div>\n\t\t\t\t\t\t\t<div class=\"description\">\n\t\t\t\t\t<p>vous propose une offre compl\u00e8te<br \/>et int\u00e9gr\u00e9e, couvrant toutes les \u00e9tapes de votre projet <br \/>depuis la phase de r\u00e9flexion jusqu\u2019\u00e0 la r\u00e9alisation finale ainsi que le suivi technique.<\/p>\t\t\t\t<\/div>\n\t\t\t\t\t<\/div>\n\t\t\t\t<\/div>\n\t\t\t\t<\/div>\n\t\t\t\t<\/div>\n\t\t\r\n\t\t<div class=\"default no-position show_shadow rs-sticky-default elementor-element elementor-element-7e81b1d e-con-full elementor-hidden-tablet elementor-hidden-mobile e-flex e-con e-child\" data-id=\"7e81b1d\" data-element_type=\"container\">\n\t\t\t\t<\/div>\n\t\t\t\t\t<\/div>\n\t\t\t\t<\/div>\n\t\t\r\n\t\t<div class=\"default no-position show_shadow rs-sticky-default elementor-element elementor-element-e8256c4 e-flex e-con-boxed e-con e-parent\" data-id=\"e8256c4\" data-element_type=\"container\" data-settings=\"{&quot;background_background&quot;:&quot;classic&quot;}\">\n\t\t\t\t\t<div class=\"e-con-inner\">\n\t\t\r\n\t\t\t\t<div class=\"elementor-element elementor-element-79b6714 elementor-widget elementor-widget-rs-service-slider\" data-id=\"79b6714\" data-element_type=\"widget\" data-widget_type=\"rs-service-slider.default\">\n\t\t\t\t<div class=\"elementor-widget-container\">\n\t\t\t\t\t        \r\n                <div class=\"rsaddon-unique-slider uni-33430 rs-unique-grid-services\">\r\n            <div class=\"rs-addon-slider rs-services-slider service-style-1 row\">\r\n        \r\n                <div class=\"grid-item col-lg-6 col-md-6\">\r\n    <div class=\"rs-service-slider\">\r\n                    <div class=\"service-img\">\r\n                <img decoding=\"async\" src=\"https:\/\/tropicalenergy.bj\/wp-content\/uploads\/2025\/08\/480704595_1371565364232657_3221765698100470776_n.jpg\" title=\"480704595_1371565364232657_3221765698100470776_n\" alt=\"480704595_1371565364232657_3221765698100470776_n\" loading=\"lazy\" \/>            <\/div>\r\n        \r\n        <div class=\"service-title-holder btn_box\">\r\n            <div class=\"service-content-area\">\r\n                                                <div class=\"service-title\">\r\n                    <h3 class=\"title\">\r\n                        <a href=\"https:\/\/tropicalenergy.bj\/en\/travaux-installation-refection-optimisation\/\" >\r\n                             Travaux (Installation, R\u00e9fection  &amp; Optimisation)                        <\/a>\r\n                        <\/h3>\r\n                    <\/div>\r\n                            \r\n                                                <div class=\"service-desc\">\r\n                        Tropical Energy provides reliable, turnkey solutions that meet international standards, covering energy, construction, refrigeration, air conditioning, and smart technologies. Our teams of engineers and technicians handle new installations, renovations, and energy optimizations tailored to the needs of individuals, businesses, NGOs, industries, artisans, and institutions.                    <\/div>\r\n                                                    <!-- Button Style -->\r\n                            <div class=\"read__more\">\r\n                    <a href=\"https:\/\/tropicalenergy.bj\/en\/travaux-installation-refection-optimisation\/\"  class=\"btn-area\">\r\n                        <span class=\"btn-text\">Afficher les d\u00e9tails<\/span>\r\n                        <span class=\"btn-icon\">                            <svg xmlns=\"http:\/\/www.w3.org\/2000\/svg\" width=\"12\" height=\"10\" viewbox=\"0 0 12 10\" fill=\"none\"><path fill-rule=\"evenodd\" clip-rule=\"evenodd\" d=\"M0 5C0 4.60551 0.319797 4.28571 0.714286 4.28571L8.98985 4.28571L5.92349 1.21936C5.64455 0.940417 5.64455 0.488155 5.92349 0.209209C6.20244 -0.0697365 6.6547 -0.0697365 6.93365 0.209209L11.2194 4.49492C11.4983 4.77387 11.4983 5.22613 11.2194 5.50508L6.93365 9.79079C6.6547 10.0697 6.20244 10.0697 5.92349 9.79079C5.64455 9.51184 5.64455 9.05958 5.92349 8.78064L8.98985 5.71429L0.714286 5.71429C0.319797 5.71429 0 5.39449 0 5Z\" fill=\"#616161\"><\/path><\/svg>                                                <\/span>\r\n                    <\/a>\r\n                <\/div>\r\n                        <!-- Button Style End -->\r\n            <\/div>\r\n        <\/div>\r\n    <\/div>\r\n<\/div>                    <div class=\"grid-item col-lg-6 col-md-6\">\r\n    <div class=\"rs-service-slider\">\r\n                    <div class=\"service-img\">\r\n                <img decoding=\"async\" src=\"https:\/\/tropicalenergy.bj\/wp-content\/uploads\/2025\/08\/488688569_1410253513697175_9160234354546112085_n.jpg\" title=\"488688569_1410253513697175_9160234354546112085_n\" alt=\"488688569_1410253513697175_9160234354546112085_n\" loading=\"lazy\" \/>            <\/div>\r\n        \r\n        <div class=\"service-title-holder btn_box\">\r\n            <div class=\"service-content-area\">\r\n                                                <div class=\"service-title\">\r\n                    <h3 class=\"title\">\r\n                        <a href=\"https:\/\/tropicalenergy.bj\/en\/location-fourniture-dequipements\/\" >\r\n                             Equipment Rental &amp; Supply                        <\/a>\r\n                        <\/h3>\r\n                    <\/div>\r\n                            \r\n                                                <div class=\"service-desc\">\r\n                        We offer comprehensive equipment supply and rental solutions for energy, industry, construction, and services. Our approach is based on flexible purchasing and rental, the integration of innovative sector-specific packages, and a vision focused on digital and accessibility for all thanks to payment options adapted to the African context.                    <\/div>\r\n                                                    <!-- Button Style -->\r\n                            <div class=\"read__more\">\r\n                    <a href=\"https:\/\/tropicalenergy.bj\/en\/location-fourniture-dequipements\/\"  class=\"btn-area\">\r\n                        <span class=\"btn-text\">Afficher les d\u00e9tails<\/span>\r\n                        <span class=\"btn-icon\">                            <svg xmlns=\"http:\/\/www.w3.org\/2000\/svg\" width=\"12\" height=\"10\" viewbox=\"0 0 12 10\" fill=\"none\"><path fill-rule=\"evenodd\" clip-rule=\"evenodd\" d=\"M0 5C0 4.60551 0.319797 4.28571 0.714286 4.28571L8.98985 4.28571L5.92349 1.21936C5.64455 0.940417 5.64455 0.488155 5.92349 0.209209C6.20244 -0.0697365 6.6547 -0.0697365 6.93365 0.209209L11.2194 4.49492C11.4983 4.77387 11.4983 5.22613 11.2194 5.50508L6.93365 9.79079C6.6547 10.0697 6.20244 10.0697 5.92349 9.79079C5.64455 9.51184 5.64455 9.05958 5.92349 8.78064L8.98985 5.71429L0.714286 5.71429C0.319797 5.71429 0 5.39449 0 5Z\" fill=\"#616161\"><\/path><\/svg>                                                <\/span>\r\n                    <\/a>\r\n                <\/div>\r\n                        <!-- Button Style End -->\r\n            <\/div>\r\n        <\/div>\r\n    <\/div>\r\n<\/div>                    <div class=\"grid-item col-lg-6 col-md-6\">\r\n    <div class=\"rs-service-slider\">\r\n                    <div class=\"service-img\">\r\n                <img decoding=\"async\" src=\"https:\/\/tropicalenergy.bj\/wp-content\/uploads\/2025\/08\/488792764_1410253453697181_2534352872275250908_n.jpg\" title=\"488792764_1410253453697181_2534352872275250908_n\" alt=\"488792764_1410253453697181_2534352872275250908_n\" loading=\"lazy\" \/>            <\/div>\r\n        \r\n        <div class=\"service-title-holder btn_box\">\r\n            <div class=\"service-content-area\">\r\n                                                <div class=\"service-title\">\r\n                    <h3 class=\"title\">\r\n                        <a href=\"https:\/\/tropicalenergy.bj\/en\/etude-et-controle-de-projet\/\" >\r\n                             Project Studies &amp; Control                        <\/a>\r\n                        <\/h3>\r\n                    <\/div>\r\n                            \r\n                                                <div class=\"service-desc\">\r\n                        Tropical Energy offre un service d\u2019ing\u00e9nierie moderne, digitalis\u00e9 et conforme aux standards internationaux, pour accompagner les projets d\u2019\u00e9nergie, de construction, d\u2019agro-industrie et d\u2019innovation, de la phase d\u2019id\u00e9e jusqu\u2019\u00e0 la mise en service. Gr\u00e2ce \u00e0 nos logiciels sp\u00e9cialis\u00e9s, \u00e9quipements modernes et experts certifi\u00e9s, nous garantissons des \u00e9tudes fiables, un suivi rigoureux et des conseils strat\u00e9giques pour maximiser l\u2019impact, la rentabilit\u00e9 et la durabilit\u00e9 des projets.                    <\/div>\r\n                                                    <!-- Button Style -->\r\n                            <div class=\"read__more\">\r\n                    <a href=\"https:\/\/tropicalenergy.bj\/en\/etude-et-controle-de-projet\/\"  class=\"btn-area\">\r\n                        <span class=\"btn-text\">Afficher les d\u00e9tails<\/span>\r\n                        <span class=\"btn-icon\">                            <svg xmlns=\"http:\/\/www.w3.org\/2000\/svg\" width=\"12\" height=\"10\" viewbox=\"0 0 12 10\" fill=\"none\"><path fill-rule=\"evenodd\" clip-rule=\"evenodd\" d=\"M0 5C0 4.60551 0.319797 4.28571 0.714286 4.28571L8.98985 4.28571L5.92349 1.21936C5.64455 0.940417 5.64455 0.488155 5.92349 0.209209C6.20244 -0.0697365 6.6547 -0.0697365 6.93365 0.209209L11.2194 4.49492C11.4983 4.77387 11.4983 5.22613 11.2194 5.50508L6.93365 9.79079C6.6547 10.0697 6.20244 10.0697 5.92349 9.79079C5.64455 9.51184 5.64455 9.05958 5.92349 8.78064L8.98985 5.71429L0.714286 5.71429C0.319797 5.71429 0 5.39449 0 5Z\" fill=\"#616161\"><\/path><\/svg>                                                <\/span>\r\n                    <\/a>\r\n                <\/div>\r\n                        <!-- Button Style End -->\r\n            <\/div>\r\n        <\/div>\r\n    <\/div>\r\n<\/div>                    <div class=\"grid-item col-lg-6 col-md-6\">\r\n    <div class=\"rs-service-slider\">\r\n                    <div class=\"service-img\">\r\n                <img decoding=\"async\" src=\"https:\/\/tropicalenergy.bj\/wp-content\/uploads\/2025\/08\/480701117_1371572740898586_9147991136324377739_n.jpg\" title=\"480701117_1371572740898586_9147991136324377739_n\" alt=\"480701117_1371572740898586_9147991136324377739_n\" loading=\"lazy\" \/>            <\/div>\r\n        \r\n        <div class=\"service-title-holder btn_box\">\r\n            <div class=\"service-content-area\">\r\n                                                <div class=\"service-title\">\r\n                    <h3 class=\"title\">\r\n                        <a href=\"https:\/\/tropicalenergy.bj\/en\/sav-maintenance-gestion-dexploitation-energetique\/\" >\r\n                             SAV  \u2013 Maintenance and energy operation management                        <\/a>\r\n                        <\/h3>\r\n                    <\/div>\r\n                            \r\n                                                <div class=\"service-desc\">\r\n                        Tropical Energy accompagne ses clients apr\u00e8s l\u2019installation pour assurer performance, s\u00e9curit\u00e9 et durabilit\u00e9 de leurs \u00e9quipements. Notre SAV repose sur des contrats clairs, une assistance r\u00e9active et des outils digitaux permettant un suivi en temps r\u00e9el.\nC\u2019est un levier de fid\u00e9lisation, de rentabilit\u00e9 r\u00e9currente et un facteur de diff\u00e9renciation strat\u00e9gique sur le march\u00e9 africain.                    <\/div>\r\n                                                    <!-- Button Style -->\r\n                            <div class=\"read__more\">\r\n                    <a href=\"https:\/\/tropicalenergy.bj\/en\/sav-maintenance-gestion-dexploitation-energetique\/\"  class=\"btn-area\">\r\n                        <span class=\"btn-text\">Afficher les d\u00e9tails<\/span>\r\n                        <span class=\"btn-icon\">                            <svg xmlns=\"http:\/\/www.w3.org\/2000\/svg\" width=\"12\" height=\"10\" viewbox=\"0 0 12 10\" fill=\"none\"><path fill-rule=\"evenodd\" clip-rule=\"evenodd\" d=\"M0 5C0 4.60551 0.319797 4.28571 0.714286 4.28571L8.98985 4.28571L5.92349 1.21936C5.64455 0.940417 5.64455 0.488155 5.92349 0.209209C6.20244 -0.0697365 6.6547 -0.0697365 6.93365 0.209209L11.2194 4.49492C11.4983 4.77387 11.4983 5.22613 11.2194 5.50508L6.93365 9.79079C6.6547 10.0697 6.20244 10.0697 5.92349 9.79079C5.64455 9.51184 5.64455 9.05958 5.92349 8.78064L8.98985 5.71429L0.714286 5.71429C0.319797 5.71429 0 5.39449 0 5Z\" fill=\"#616161\"><\/path><\/svg>                                                <\/span>\r\n                    <\/a>\r\n                <\/div>\r\n                        <!-- Button Style End -->\r\n            <\/div>\r\n        <\/div>\r\n    <\/div>\r\n<\/div>                    <div class=\"grid-item col-lg-6 col-md-6\">\r\n    <div class=\"rs-service-slider\">\r\n                    <div class=\"service-img\">\r\n                <img decoding=\"async\" src=\"https:\/\/tropicalenergy.bj\/wp-content\/uploads\/2025\/08\/62036375_624533654703484_4267688545658863616_n.jpg\" title=\"62036375_624533654703484_4267688545658863616_n\" alt=\"62036375_624533654703484_4267688545658863616_n\" loading=\"lazy\" \/>            <\/div>\r\n        \r\n        <div class=\"service-title-holder btn_box\">\r\n            <div class=\"service-content-area\">\r\n                                                <div class=\"service-title\">\r\n                    <h3 class=\"title\">\r\n                        <a href=\"https:\/\/tropicalenergy.bj\/en\/developpement-de-competences-innovations\/\" >\r\n                             Skills development &amp; innovations                        <\/a>\r\n                        <\/h3>\r\n                    <\/div>\r\n                            \r\n                                                <div class=\"service-desc\">\r\n                        Tropical Energy supports students, young professionals, technicians, entrepreneurs, and businesses in skills development, professional integration, and innovation promotion. This service transforms talent into competitive players in the African market and supports the creation of innovative solutions in key sectors such as renewable energy, digital technology, agri-food, and sustainable agriculture.                    <\/div>\r\n                                                    <!-- Button Style -->\r\n                            <div class=\"read__more\">\r\n                    <a href=\"https:\/\/tropicalenergy.bj\/en\/developpement-de-competences-innovations\/\"  class=\"btn-area\">\r\n                        <span class=\"btn-text\">Afficher les d\u00e9tails<\/span>\r\n                        <span class=\"btn-icon\">                            <svg xmlns=\"http:\/\/www.w3.org\/2000\/svg\" width=\"12\" height=\"10\" viewbox=\"0 0 12 10\" fill=\"none\"><path fill-rule=\"evenodd\" clip-rule=\"evenodd\" d=\"M0 5C0 4.60551 0.319797 4.28571 0.714286 4.28571L8.98985 4.28571L5.92349 1.21936C5.64455 0.940417 5.64455 0.488155 5.92349 0.209209C6.20244 -0.0697365 6.6547 -0.0697365 6.93365 0.209209L11.2194 4.49492C11.4983 4.77387 11.4983 5.22613 11.2194 5.50508L6.93365 9.79079C6.6547 10.0697 6.20244 10.0697 5.92349 9.79079C5.64455 9.51184 5.64455 9.05958 5.92349 8.78064L8.98985 5.71429L0.714286 5.71429C0.319797 5.71429 0 5.39449 0 5Z\" fill=\"#616161\"><\/path><\/svg>                                                <\/span>\r\n                    <\/a>\r\n                <\/div>\r\n                        <!-- Button Style End -->\r\n            <\/div>\r\n        <\/div>\r\n    <\/div>\r\n<\/div>                            <\/div>\r\n                    <\/div>\r\n        \t\t\t\t<\/div>\n\t\t\t\t<\/div>\n\t\t\t\t\t<\/div>\n\t\t\t\t<\/div>\n\t\t\r\n\t\t<div class=\"default no-position show_shadow rs-sticky-default elementor-element elementor-element-0941921 e-con-full e-flex e-con e-parent\" data-id=\"0941921\" data-element_type=\"container\">\n\t\t\r\n\t\t<div class=\"default no-position show_shadow rs-sticky-default elementor-element elementor-element-c97b15c e-con-full e-flex e-con e-child\" data-id=\"c97b15c\" data-element_type=\"container\" data-settings=\"{&quot;background_background&quot;:&quot;classic&quot;}\">\n\t\t\r\n\t\t<div class=\"default no-position show_shadow rs-sticky-default elementor-element elementor-element-329117e e-flex e-con-boxed e-con e-child\" data-id=\"329117e\" data-element_type=\"container\">\n\t\t\t\t\t<div class=\"e-con-inner\">\n\t\t\r\n\t\t\t\t<div class=\"elementor-element elementor-element-3aae3d8 elementor-widget elementor-widget-rs-heading\" data-id=\"3aae3d8\" data-element_type=\"widget\" data-widget_type=\"rs-heading.default\">\n\t\t\t\t<div class=\"elementor-widget-container\">\n\t\t\t\t\t\n\t\t<div class=\"prelements-heading style1\">\n\t\t\t<div class=\"title-inner\">\n\t\t\t\t\t\t\t\t\t<span class=\"sub-text\">\n\t\t\t\t\t\t<svg xmlns=\"http:\/\/www.w3.org\/2000\/svg\" width=\"11\" height=\"15\" viewbox=\"0 0 11 15\" fill=\"none\"><path d=\"M3.14286 10L0 15L8.78104e-07 0L3.14286 5V10Z\" fill=\"#EA5501\"><\/path><path fill-rule=\"evenodd\" clip-rule=\"evenodd\" d=\"M6.28571 10L3.14286 15L3.14286 10L4.71428 7.5L3.14286 5L3.14286 0L6.28571 5L6.28571 10ZM6.28571 10L7.85714 7.5L6.28571 5V0L11 7.5L6.28571 15V10Z\" fill=\"#EA5501\"><\/path><\/svg>\t\t\t\t\t\tWork process\t\t\t\t\t<\/span>\n\t\t\t\t<h2 class=\"title rs-split-text-disable\">Project implementation process<\/h2>\n\t\t\t<\/div>\n\t\t\t\t\t<\/div>\n\t\t\t\t<\/div>\n\t\t\t\t<\/div>\n\t\t\t\t\t<\/div>\n\t\t\t\t<\/div>\n\t\t\r\n\t\t<div class=\"default no-position show_shadow rs-sticky-default elementor-element elementor-element-1555063 e-flex e-con-boxed e-con e-child\" data-id=\"1555063\" data-element_type=\"container\">\n\t\t\t\t\t<div class=\"e-con-inner\">\n\t\t\r\n\t\t\t\t<div class=\"elementor-element elementor-element-737636b elementor-absolute e-transform e-transform elementor-hidden-laptop elementor-hidden-tablet elementor-hidden-mobile elementor-widget elementor-widget-rs-heading\" data-id=\"737636b\" data-element_type=\"widget\" data-settings=\"{&quot;_position&quot;:&quot;absolute&quot;,&quot;_transform_flipX_effect&quot;:&quot;transform&quot;,&quot;_transform_flipY_effect&quot;:&quot;transform&quot;}\" data-widget_type=\"rs-heading.default\">\n\t\t\t\t<div class=\"elementor-widget-container\">\n\t\t\t\t\t\n\t\t<div class=\"prelements-heading default\">\n\t\t\t<div class=\"title-inner\">\n\t\t\t\t<div class=\"title rs-split-text-disable\">Work process<\/div>\n\t\t\t<\/div>\n\t\t\t\t\t<\/div>\n\t\t\t\t<\/div>\n\t\t\t\t<\/div>\n\t\t\r\n\t\t<div class=\"default no-position show_shadow rs-sticky-default elementor-element elementor-element-4267544 e-con-full e-flex e-con e-child\" data-id=\"4267544\" data-element_type=\"container\">\n\t\t\r\n\t\t<div class=\"default no-position show_shadow rs-sticky-default elementor-element elementor-element-e84207b e-con-full e-flex e-con e-child\" data-id=\"e84207b\" data-element_type=\"container\">\n\t\t\r\n\t\t\t\t<div class=\"elementor-element elementor-element-e163189 elementor-widget elementor-widget-rs-service-grid\" data-id=\"e163189\" data-element_type=\"widget\" data-widget_type=\"rs-service-grid.default\">\n\t\t\t\t<div class=\"elementor-widget-container\">\n\t\t\t\t\t\r\n\t\t<div class=\"rs-addon-services style8\">\r\n\t\t\t<div class=\"services-inner  box\">\r\n            <div class=\"step-number\">\r\n            <div class=\"numbering-step\">\r\n                <span>01<\/span>\r\n            <\/div>\r\n                    <\/div>\r\n    \r\n    <div class=\"content_part\">\r\n        \r\n                    <div class=\"services-title\">\r\n                                    <h3 class=\"title\"> Analysis of client needs and objectives<\/h3>\r\n                            <\/div>\r\n        \r\n                    <div class=\"desc-text\">\r\n                We start by understanding your specific energy needs in order to design tailor-made renewable solutions, adapted to your residential, commercial or industrial installations.            <\/div>\r\n        \r\n            <\/div>\r\n<\/div>\t\t<\/div>\r\n\r\n\t\t\t\t<\/div>\n\t\t\t\t<\/div>\n\t\t\t\t<\/div>\n\t\t\r\n\t\t<div class=\"default no-position show_shadow rs-sticky-default elementor-element elementor-element-165e783 e-con-full e-flex e-con e-child\" data-id=\"165e783\" data-element_type=\"container\">\n\t\t\r\n\t\t\t\t<div class=\"elementor-element elementor-element-7b61651 elementor-widget elementor-widget-rs-service-grid\" data-id=\"7b61651\" data-element_type=\"widget\" data-widget_type=\"rs-service-grid.default\">\n\t\t\t\t<div class=\"elementor-widget-container\">\n\t\t\t\t\t\r\n\t\t<div class=\"rs-addon-services style8\">\r\n\t\t\t<div class=\"services-inner  box\">\r\n            <div class=\"step-number\">\r\n            <div class=\"numbering-step\">\r\n                <span>02<\/span>\r\n            <\/div>\r\n                    <\/div>\r\n    \r\n    <div class=\"content_part\">\r\n        \r\n                    <div class=\"services-title\">\r\n                                    <h3 class=\"title\"> Design and Planning<\/h3>\r\n                            <\/div>\r\n        \r\n                    <div class=\"desc-text\">\r\n                We assess on-site energy options, choose the most suitable solar or biomass technologies and develop a comprehensive plan to maximize energy efficiency.            <\/div>\r\n        \r\n            <\/div>\r\n<\/div>\t\t<\/div>\r\n\r\n\t\t\t\t<\/div>\n\t\t\t\t<\/div>\n\t\t\t\t<\/div>\n\t\t\r\n\t\t<div class=\"default no-position show_shadow rs-sticky-default elementor-element elementor-element-c2aff35 e-con-full e-flex e-con e-child\" data-id=\"c2aff35\" data-element_type=\"container\">\n\t\t\r\n\t\t\t\t<div class=\"elementor-element elementor-element-a715363 elementor-widget elementor-widget-rs-service-grid\" data-id=\"a715363\" data-element_type=\"widget\" data-widget_type=\"rs-service-grid.default\">\n\t\t\t\t<div class=\"elementor-widget-container\">\n\t\t\t\t\t\r\n\t\t<div class=\"rs-addon-services style8\">\r\n\t\t\t<div class=\"services-inner  box\">\r\n            <div class=\"step-number\">\r\n            <div class=\"numbering-step\">\r\n                <span>03<\/span>\r\n            <\/div>\r\n                    <\/div>\r\n    \r\n    <div class=\"content_part\">\r\n        \r\n                    <div class=\"services-title\">\r\n                                    <h3 class=\"title\"> Execution and installation phase<\/h3>\r\n                            <\/div>\r\n        \r\n                    <div class=\"desc-text\">\r\n                Our team installs and integrates solar or biomass systems, carries out performance tests and trains your teams to ensure optimal and safe operation.            <\/div>\r\n        \r\n            <\/div>\r\n<\/div>\t\t<\/div>\r\n\r\n\t\t\t\t<\/div>\n\t\t\t\t<\/div>\n\t\t\t\t<\/div>\n\t\t\t\t<\/div>\n\t\t\t\t\t<\/div>\n\t\t\t\t<\/div>\n\t\t\t\t<\/div>\n\t\t\t\t<\/div>\n\t\t\t\t<\/div>","protected":false},"excerpt":{"rendered":"<p>TROPICAL ENERGY vous propose une offre compl\u00e8teet int\u00e9gr\u00e9e, couvrant toutes les \u00e9tapes de votre projet depuis la phase de r\u00e9flexion jusqu\u2019\u00e0 la r\u00e9alisation finale ainsi que le suivi technique. Travaux (Installation, R\u00e9fection &amp; Optimisation) Tropical Energy r\u00e9alise des travaux cl\u00e9s en main, fiables et conformes aux normes internationales, couvrant l\u2019\u00e9nergie, le b\u00e2timent, le froid, la&#8230;<\/p>","protected":false},"author":1,"featured_media":0,"parent":0,"menu_order":0,"comment_status":"closed","ping_status":"open","template":"elementor_header_footer","meta":{"footnotes":""},"class_list":["post-26","page","type-page","status-publish","hentry"],"_links":{"self":[{"href":"https:\/\/tropicalenergy.bj\/en\/wp-json\/wp\/v2\/pages\/26","targetHints":{"allow":["GET"]}}],"collection":[{"href":"https:\/\/tropicalenergy.bj\/en\/wp-json\/wp\/v2\/pages"}],"about":[{"href":"https:\/\/tropicalenergy.bj\/en\/wp-json\/wp\/v2\/types\/page"}],"author":[{"embeddable":true,"href":"https:\/\/tropicalenergy.bj\/en\/wp-json\/wp\/v2\/users\/1"}],"replies":[{"embeddable":true,"href":"https:\/\/tropicalenergy.bj\/en\/wp-json\/wp\/v2\/comments?post=26"}],"version-history":[{"count":0,"href":"https:\/\/tropicalenergy.bj\/en\/wp-json\/wp\/v2\/pages\/26\/revisions"}],"wp:attachment":[{"href":"https:\/\/tropicalenergy.bj\/en\/wp-json\/wp\/v2\/media?parent=26"}],"curies":[{"name":"wp","href":"https:\/\/api.w.org\/{rel}","templated":true}]}}