{"id":29761,"date":"2025-10-03T18:21:48","date_gmt":"2025-10-03T16:21:48","guid":{"rendered":"https:\/\/tropicalenergy.bj\/?page_id=29761"},"modified":"2025-10-17T19:27:35","modified_gmt":"2025-10-17T17:27:35","slug":"services-2","status":"publish","type":"page","link":"https:\/\/tropicalenergy.bj\/en\/services-2\/","title":{"rendered":"Services"},"content":{"rendered":"<div data-elementor-type=\"wp-page\" data-elementor-id=\"29761\" class=\"elementor elementor-29761\">\n\t\t\t\t\r\n\t\t<div class=\"default no-position show_shadow rs-sticky-default elementor-element elementor-element-42ac27c7 e-flex e-con-boxed e-con e-parent\" data-id=\"42ac27c7\" data-element_type=\"container\">\n\t\t\t\t\t<div class=\"e-con-inner\">\n\t\t\r\n\t\t<div class=\"default no-position show_shadow rs-sticky-default elementor-element elementor-element-23c51334 e-flex e-con-boxed e-con e-child\" data-id=\"23c51334\" data-element_type=\"container\">\n\t\t\t\t\t<div class=\"e-con-inner\">\n\t\t\r\n\t\t\t\t<div class=\"elementor-element elementor-element-13bd3dfe elementor-widget__width-initial elementor-widget elementor-widget-rs-heading\" data-id=\"13bd3dfe\" data-element_type=\"widget\" data-widget_type=\"rs-heading.default\">\n\t\t\t\t<div class=\"elementor-widget-container\">\n\t\t\t\t\t\n\t\t<div class=\"prelements-heading style1\">\n\t\t\t<div class=\"title-inner\">\n\t\t\t\t<h3 class=\"title rs-split-text-disable\">TROPICAL ENERGY <\/h3>\n\t\t\t<\/div>\n\t\t\t\t\t\t\t<div class=\"description\">\n\t\t\t\t\tTropical Energy offers you a complete and integrated offer, covering all<br>the stages of your project from the reflection phase to the final implementation as well as technical monitoring.\t\t\t\t<\/div>\n\t\t\t\t\t<\/div>\n\t\t\t\t<\/div>\n\t\t\t\t<\/div>\n\t\t\t\t\t<\/div>\n\t\t\t\t<\/div>\n\t\t\t\t\t<\/div>\n\t\t\t\t<\/div>\n\t\t\r\n\t\t<div class=\"default no-position show_shadow rs-sticky-default elementor-element elementor-element-e830dab e-flex e-con-boxed e-con e-parent\" data-id=\"e830dab\" data-element_type=\"container\">\n\t\t\t\t\t<div class=\"e-con-inner\">\n\t\t\r\n\t\t\t\t<div class=\"elementor-element elementor-element-800eb09 elementor-widget elementor-widget-html\" data-id=\"800eb09\" data-element_type=\"widget\" data-widget_type=\"html.default\">\n\t\t\t\t\t<style>\r\n    * {\r\n        margin: 0;\r\n        padding: 0;\r\n        box-sizing: border-box;\r\n    }\r\n\r\n    .services-container {\r\n        max-width: 1200px;\r\n        margin: 0 auto;\r\n        padding: 0 20px;\r\n        font-family: 'Inter', -apple-system, BlinkMacSystemFont, 'Segoe UI', sans-serif;\r\n    }\r\n\r\n    .services-grid {\r\n        display: grid;\r\n        grid-template-columns: repeat(2, 1fr);\r\n        gap: 30px;\r\n    }\r\n\r\n    .service-card {\r\n        background: #ffffff;\r\n        border-radius: 20px;\r\n        overflow: hidden;\r\n        box-shadow: 0 10px 40px rgba(0, 0, 0, 0.08);\r\n        transition: all 0.4s cubic-bezier(0.23, 1, 0.32, 1);\r\n        position: relative;\r\n        cursor: pointer;\r\n        animation: fadeInUp 0.6s ease forwards;\r\n        opacity: 0;\r\n    }\r\n\r\n    .service-card:nth-child(1) { animation-delay: 0.1s; }\r\n    .service-card:nth-child(2) { animation-delay: 0.2s; }\r\n    .service-card:nth-child(3) { animation-delay: 0.3s; }\r\n    .service-card:nth-child(4) { animation-delay: 0.4s; }\r\n    .service-card:nth-child(5) { animation-delay: 0.5s; }\r\n\r\n    .service-card:hover {\r\n        transform: translateY(-8px);\r\n        box-shadow: 0 20px 60px rgba(0, 114, 206, 0.15);\r\n    }\r\n\r\n    .card-image-wrapper {\r\n        width: 100%;\r\n        height: 300px;\r\n        position: relative;\r\n        overflow: hidden;\r\n    }\r\n\r\n    .card-image-wrapper img {\r\n        width: 100%;\r\n        height: 100%;\r\n        object-fit: cover;\r\n        transition: all 0.6s cubic-bezier(0.23, 1, 0.32, 1);\r\n    }\r\n\r\n    .service-card:hover .card-image-wrapper img {\r\n        transform: scale(1.1);\r\n    }\r\n\r\n    .image-overlay {\r\n        position: absolute;\r\n        top: 0;\r\n        left: 0;\r\n        right: 0;\r\n        bottom: 0;\r\n        background: linear-gradient(180deg, transparent 0%, rgba(0, 0, 0, 0.85) 100%);\r\n        display: flex;\r\n        flex-direction: column;\r\n        justify-content: flex-end;\r\n        padding: 30px;\r\n    }\r\n\r\n    .card-badge {\r\n        position: absolute;\r\n        top: 20px;\r\n        right: 20px;\r\n        background: linear-gradient(135deg, #0072ce 0%, #0056a3 100%);\r\n        color: white;\r\n        padding: 8px 20px;\r\n        border-radius: 25px;\r\n        font-size: 11px;\r\n        font-weight: 700;\r\n        letter-spacing: 1px;\r\n        text-transform: uppercase;\r\n        box-shadow: 0 4px 15px rgba(0, 114, 206, 0.4);\r\n    }\r\n\r\n    .card-title {\r\n        font-size: 28px;\r\n        font-weight: 800;\r\n        margin-bottom: 8px;\r\n        color: #ffffff;\r\n        letter-spacing: -0.5px;\r\n        text-shadow: 0 2px 10px rgba(0, 0, 0, 0.3);\r\n    }\r\n\r\n    .card-subtitle {\r\n        font-size: 14px;\r\n        color: rgba(255, 255, 255, 0.9);\r\n        font-weight: 400;\r\n    }\r\n\r\n    .card-content {\r\n        padding: 30px;\r\n    }\r\n\r\n    .content-title {\r\n        font-size: 20px;\r\n        font-weight: 700;\r\n        color: #1a1a1a;\r\n        margin-bottom: 16px;\r\n        line-height: 1.4;\r\n        position: relative;\r\n        padding-left: 16px;\r\n    }\r\n\r\n    .content-title::before {\r\n        content: '';\r\n        position: absolute;\r\n        left: 0;\r\n        top: 0;\r\n        width: 4px;\r\n        height: 100%;\r\n        background: linear-gradient(180deg, #0072ce 0%, transparent 100%);\r\n        border-radius: 2px;\r\n    }\r\n\r\n    .content-description {\r\n        font-size: 14px;\r\n        color: #666;\r\n        line-height: 1.8;\r\n        margin-bottom: 25px;\r\n    }\r\n\r\n    .btn-details {\r\n        display: inline-flex;\r\n        align-items: center;\r\n        gap: 10px;\r\n        background: linear-gradient(135deg, #0072ce 0%, #0056a3 100%);\r\n        color: white;\r\n        padding: 14px 28px;\r\n        border-radius: 8px;\r\n        text-decoration: none;\r\n        font-weight: 600;\r\n        font-size: 14px;\r\n        transition: all 0.3s ease;\r\n        box-shadow: 0 4px 15px rgba(0, 114, 206, 0.3);\r\n    }\r\n\r\n    .btn-details:hover {\r\n        transform: translateY(-2px);\r\n        box-shadow: 0 8px 25px rgba(0, 114, 206, 0.4);\r\n    }\r\n\r\n    .arrow {\r\n        transition: transform 0.3s ease;\r\n        font-size: 18px;\r\n    }\r\n\r\n    .btn-details:hover .arrow {\r\n        transform: translateX(5px);\r\n    }\r\n\r\n    @media (max-width: 768px) {\r\n        .services-grid {\r\n            grid-template-columns: 1fr;\r\n            gap: 25px;\r\n        }\r\n\r\n        .card-image-wrapper {\r\n            height: 250px;\r\n        }\r\n\r\n        .card-title {\r\n            font-size: 24px;\r\n        }\r\n\r\n        .content-title {\r\n            font-size: 18px;\r\n        }\r\n    }\r\n\r\n    @keyframes fadeInUp {\r\n        from {\r\n            opacity: 0;\r\n            transform: translateY(30px);\r\n        }\r\n        to {\r\n            opacity: 1;\r\n            transform: translateY(0);\r\n        }\r\n    }\r\n<\/style>\r\n\r\n<div class=\"services-container\">\r\n    <div class=\"services-grid\">\r\n        \r\n        <!-- Carte 1 - Travaux -->\r\n        <div class=\"service-card\">\r\n            <div class=\"card-image-wrapper\">\r\n                <img decoding=\"async\" src=\"https:\/\/tropicalenergy.bj\/wp-content\/uploads\/2025\/10\/Nouveau-projet-4.png\" alt=\"Travaux Installation\">\r\n                <div class=\"image-overlay\">\r\n                    <div class=\"card-badge\">Facility<\/div>\r\n                    <h3 class=\"card-title\">WORKS<\/h3>\r\n                    <p class=\"card-subtitle\">Installation, Renovation &amp; Optimization<\/p>\r\n                <\/div>\r\n            <\/div>\r\n            <div class=\"card-content\">\r\n                <h4 class=\"content-title\">Works (Installation, Renovation &amp; Optimization)<\/h4>\r\n                <p class=\"content-description\">\r\n                    Tropical Energy provides reliable, turnkey projects that meet international standards, covering energy, buildings, refrigeration, air conditioning, and smart technologies. Our teams of engineers and technicians handle new installations, renovations, and energy optimizations.\r\n                <\/p>\r\n                <a href=\"https:\/\/tropicalenergy.bj\/en\/travaux-installation-refection-optimisation\/\" class=\"btn-details\">\r\n                    SHOW DETAILS\r\n                    <span class=\"arrow\">\u2192<\/span>\r\n                <\/a>\r\n            <\/div>\r\n        <\/div>\r\n\r\n        <!-- Carte 2 - Location & Fourniture -->\r\n        <div class=\"service-card\">\r\n            <div class=\"card-image-wrapper\">\r\n                <img decoding=\"async\" src=\"https:\/\/tropicalenergy.bj\/wp-content\/uploads\/2025\/10\/IMG_20240702_100932-scaled.jpg\" alt=\"Location \u00c9quipements\">\r\n                <div class=\"image-overlay\">\r\n                    <div class=\"card-badge\">Supply<\/div>\r\n                    <h3 class=\"card-title\">RENTAL<\/h3>\r\n                    <p class=\"card-subtitle\">Supply of Equipment<\/p>\r\n                <\/div>\r\n            <\/div>\r\n            <div class=\"card-content\">\r\n                <h4 class=\"content-title\">Equipment Rental &amp; Supply<\/h4>\r\n                <p class=\"content-description\">\r\n                    We offer comprehensive equipment supply and rental solutions for energy, industry, construction, and services. Our approach is based on flexible purchasing and rental, the integration of innovative industry packages, and a focus on digital and accessibility.\r\n                <\/p>\r\n                <a href=\"https:\/\/tropicalenergy.bj\/en\/location-fourniture-dequipements\/\" class=\"btn-details\">\r\n                    SHOW DETAILS\r\n                    <span class=\"arrow\">\u2192<\/span>\r\n                <\/a>\r\n            <\/div>\r\n        <\/div>\r\n\r\n        <!-- Carte 3 - \u00c9tudes & Contr\u00f4le -->\r\n        <div class=\"service-card\">\r\n            <div class=\"card-image-wrapper\">\r\n                <img decoding=\"async\" src=\"https:\/\/tropicalenergy.bj\/wp-content\/uploads\/2025\/10\/Copie-de-Screenshot_2024-07-20-21-19-35-943_com.whatsapp-edit.jpg\" alt=\"\u00c9tudes Projets\">\r\n                <div class=\"image-overlay\">\r\n                    <div class=\"card-badge\">Engineering<\/div>\r\n                    <h3 class=\"card-title\">STUDIES<\/h3>\r\n                    <p class=\"card-subtitle\">Project Control<\/p>\r\n                <\/div>\r\n            <\/div>\r\n            <div class=\"card-content\">\r\n                <h4 class=\"content-title\">Project Studies &amp; Control<\/h4>\r\n                <p class=\"content-description\">\r\n                    Tropical Energy offers a modern, digitalized engineering service that meets international standards, designed to support energy, construction, agribusiness, and innovation projects from design to commissioning. Using specialized software, state-of-the-art equipment, and certified experts, we ensure reliable studies.\r\n                <\/p>\r\n                <a href=\"https:\/\/tropicalenergy.bj\/en\/etude-et-controle-de-projet\/\" class=\"btn-details\">\r\n                    SHOW DETAILS\r\n                    <span class=\"arrow\">\u2192<\/span>\r\n                <\/a>\r\n            <\/div>\r\n        <\/div>\r\n\r\n        <!-- Carte 4 - SAV & Maintenance -->\r\n        <div class=\"service-card\">\r\n            <div class=\"card-image-wrapper\">\r\n                <img decoding=\"async\" src=\"https:\/\/tropicalenergy.bj\/wp-content\/uploads\/2025\/10\/IMG_20240314_080909-scaled.jpg\" alt=\"Maintenance\">\r\n                <div class=\"image-overlay\">\r\n                    <div class=\"card-badge\">Service<\/div>\r\n                    <h3 class=\"card-title\">SAV<\/h3>\r\n                    <p class=\"card-subtitle\">Maintenance &amp; Management<\/p>\r\n                <\/div>\r\n            <\/div>\r\n            <div class=\"card-content\">\r\n                <h4 class=\"content-title\">SAV\u2013 Maintenance and energy operation management<\/h4>\r\n                <p class=\"content-description\">\r\n                    Tropical Energy supports its customers after installation to ensure the performance, safety, and durability of their equipment. Our after-sales service is based on clear contracts, responsive support, and digital tools that enable real-time monitoring. This is a key driver of customer loyalty and recurring profitability.\r\n                <\/p>\r\n                <a href=\"https:\/\/tropicalenergy.bj\/en\/sav-maintenance-gestion-dexploitation-energetique\/\" class=\"btn-details\">\r\n                    SHOW DETAILS\r\n                    <span class=\"arrow\">\u2192<\/span>\r\n                <\/a>\r\n            <\/div>\r\n        <\/div>\r\n\r\n        <!-- Carte 5 - Formation & Innovation -->\r\n        <div class=\"service-card\">\r\n            <div class=\"card-image-wrapper\">\r\n                <img decoding=\"async\" src=\"https:\/\/tropicalenergy.bj\/wp-content\/uploads\/2025\/10\/Copie-de-WhatsApp-Image-2025-07-19-at-14.30.49.png\" alt=\"Formation\">\r\n                <div class=\"image-overlay\">\r\n                    <div class=\"card-badge\">Training<\/div>\r\n                    <h3 class=\"card-title\">INNOVATION<\/h3>\r\n                    <p class=\"card-subtitle\">Skills Development<\/p>\r\n                <\/div>\r\n            <\/div>\r\n            <div class=\"card-content\">\r\n                <h4 class=\"content-title\">Skills development &amp; innovations<\/h4>\r\n                <p class=\"content-description\">\r\n                    Tropical Energy supports students, young professionals, technicians, entrepreneurs, and businesses in skills development, professional integration, and innovation promotion. This service transforms talent into competitive players in the African market and supports the creation of innovative solutions.\r\n                <\/p>\r\n                <a href=\"https:\/\/tropicalenergy.bj\/en\/developpement-de-competences-innovations\/\" class=\"btn-details\">\r\n                    SHOW DETAILS\r\n                    <span class=\"arrow\">\u2192<\/span>\r\n                <\/a>\r\n            <\/div>\r\n        <\/div>\r\n\r\n    <\/div>\r\n<\/div>\t\t\t\t<\/div>\n\t\t\t\t\t<\/div>\n\t\t\t\t<\/div>\n\t\t\r\n\t\t<div class=\"default no-position show_shadow rs-sticky-default elementor-element elementor-element-e39946d e-flex e-con-boxed e-con e-parent\" data-id=\"e39946d\" data-element_type=\"container\">\n\t\t\t\t\t<div class=\"e-con-inner\">\n\t\t\r\n\t\t\t\t<div class=\"elementor-element elementor-element-05effc4 elementor-widget elementor-widget-heading\" data-id=\"05effc4\" data-element_type=\"widget\" data-widget_type=\"heading.default\">\n\t\t\t\t\t<h2 class=\"elementor-heading-title elementor-size-default\"><p><span style=\"color:#0072CE\">Process<\/span>  project implementation\n<\/p>\n<\/h2>\t\t\t\t<\/div>\n\t\t\r\n\t\t\t\t<div class=\"elementor-element elementor-element-f2e4d62 elementor-widget elementor-widget-text-editor\" data-id=\"f2e4d62\" data-element_type=\"widget\" data-widget_type=\"text-editor.default\">\n\t\t\t\t\t\t\t\t\tA set of steps <span style=\"color: #000000; font-weight: bold;\">clear and structured<\/span>, ensuring the <span style=\"color: #0072ce; font-weight: bold;\">planning<\/span>, there <span style=\"color: #0072ce; font-weight: bold;\">coordination<\/span> <br>and the <span style=\"color: #0072ce; font-weight: bold;\">rigorous monitoring<\/span> of each phase of the project to guarantee <span style=\"color: #0072ce; font-weight: bold;\">success<\/span> and <span style=\"color: #0072ce; font-weight: bold;\">efficiency<\/span>.\t\t\t\t\t\t\t\t<\/div>\n\t\t\t\t\t<\/div>\n\t\t\t\t<\/div>\n\t\t\r\n\t\t<div class=\"default no-position show_shadow rs-sticky-default elementor-element elementor-element-25028e2 e-flex e-con-boxed e-con e-parent\" data-id=\"25028e2\" data-element_type=\"container\" data-settings=\"{&quot;background_background&quot;:&quot;classic&quot;}\">\n\t\t\t\t\t<div class=\"e-con-inner\">\n\t\t\r\n\t\t\t\t<div class=\"elementor-element elementor-element-77ef2e3 elementor-widget elementor-widget-html\" data-id=\"77ef2e3\" data-element_type=\"widget\" data-widget_type=\"html.default\">\n\t\t\t\t\t<!DOCTYPE html>\r\n<html lang=\"fr\">\r\n<head>\r\n  <meta charset=\"UTF-8\">\r\n  <meta name=\"viewport\" content=\"width=device-width, initial-scale=1.0\">\r\n  <title>Processus Tropical Energy<\/title>\r\n  <style>\r\n    @import url('https:\/\/fonts.googleapis.com\/css2?family=Poppins:wght@400;500;600;700&display=swap');\r\n\r\n    * {\r\n      box-sizing: border-box;\r\n      margin: 0;\r\n      padding: 0;\r\n    }\r\n\r\n    html, body {\r\n      overflow-x: hidden;\r\n    }\r\n\r\n    section.processus {\r\n      font-family: 'Poppins', sans-serif;\r\n      width: 100%;\r\n      margin: 0;\r\n      padding: 0;\r\n      overflow: hidden;\r\n    }\r\n\r\n    \/* === PARTIE BLEUE AVEC LES CARTES === *\/\r\n    .processus-top {\r\n      background-color: #f8f9fa;\r\n      padding: 30px 0;\r\n      width: 100%;\r\n    }\r\n\r\n    .processus-container {\r\n      max-width: 1400px;\r\n      margin: 0 auto;\r\n      display: flex;\r\n      flex-wrap: wrap;\r\n      justify-content: center;\r\n      gap: 30px;\r\n      padding: 0 40px;\r\n    }\r\n\r\n    .processus-card {\r\n      background: #fff;\r\n      border-radius: 25px;\r\n      box-shadow: 0 10px 30px rgba(0,0,0,0.2);\r\n      width: calc(33.333% - 20px);\r\n      min-width: 320px;\r\n      overflow: hidden;\r\n      transition: transform 0.3s ease, box-shadow 0.3s ease;\r\n    }\r\n\r\n    .processus-card:hover {\r\n      transform: translateY(-10px);\r\n      box-shadow: 0 15px 40px rgba(0,0,0,0.3);\r\n    }\r\n\r\n    .processus-card img {\r\n      width: 100%;\r\n      height: 240px;\r\n      object-fit: cover;\r\n      display: block;\r\n    }\r\n\r\n    .processus-card-content {\r\n      padding: 30px 25px;\r\n    }\r\n\r\n    .processus-card-content h3 {\r\n      color: #000;\r\n      font-weight: 700;\r\n      font-size: 20px;\r\n      margin-bottom: 15px;\r\n      line-height: 1.3;\r\n    }\r\n\r\n    .processus-card-content p {\r\n      color: #333;\r\n      font-size: 15px;\r\n      line-height: 1.7;\r\n    }\r\n\r\n    \/* === RESPONSIVE === *\/\r\n    @media (max-width: 1024px) {\r\n      .processus-card {\r\n        width: calc(50% - 15px);\r\n      }\r\n    }\r\n\r\n    @media (max-width: 768px) {\r\n      .processus-card {\r\n        width: 100%;\r\n      }\r\n    }\r\n\r\n    @media (max-width: 480px) {\r\n      .processus-card-content h3 {\r\n        font-size: 16px;\r\n      }\r\n\r\n      .processus-card-content p {\r\n        font-size: 13px;\r\n      }\r\n    }\r\n  <\/style>\r\n<\/head>\r\n<body>\r\n  <section class=\"processus\">\r\n    <div class=\"processus-top\">\r\n      <div class=\"processus-container\">\r\n        <div class=\"processus-card\">\r\n          <img decoding=\"async\" src=\"https:\/\/tropicalenergy.bj\/wp-content\/uploads\/2025\/10\/Nouveau-projet.png\">\r\n          <div class=\"processus-card-content\">\r\n            <h3>Analysis of client needs and objectives<\/h3>\r\n            <p>We start by understanding your specific energy needs in order to design tailor-made renewable solutions, adapted to your residential, commercial or industrial installations.<\/p>\r\n          <\/div>\r\n        <\/div>\r\n\r\n        <div class=\"processus-card\">\r\n          <img decoding=\"async\" src=\"https:\/\/tropicalenergy.bj\/wp-content\/uploads\/2025\/10\/Nouveau-projet-1-1.png\" alt=\"\u00c9tude du projet\">\r\n          <div class=\"processus-card-content\">\r\n            <h3>Project study &amp; design<\/h3>\r\n            <p>We assess on-site energy options, select the most suitable solar or biomass technologies, and develop a comprehensive plan to maximize energy efficiency.<\/p>\r\n          <\/div>\r\n        <\/div>\r\n\r\n        <div class=\"processus-card\">\r\n          <img decoding=\"async\" src=\"https:\/\/tropicalenergy.bj\/wp-content\/uploads\/2025\/10\/Copie-de-WhatsApp-Image-2025-07-19-at-14.29.28.jpeg\" alt=\"Installation\">\r\n          <div class=\"processus-card-content\">\r\n            <h3>Execution and installation phase<\/h3>\r\n            <p>Our team installs and integrates solar or biomass systems, carries out performance tests and trains your teams to ensure optimal and safe operation.<\/p>\r\n          <\/div>\r\n        <\/div>\r\n      <\/div>\r\n    <\/div>\r\n  <\/section>\r\n<\/body>\r\n<\/html>\r\n\t\t\t\t<\/div>\n\t\t\t\t\t<\/div>\n\t\t\t\t<\/div>\n\t\t\t\t<\/div>","protected":false},"excerpt":{"rendered":"<p>TROPICAL ENERGY Tropical Energy vous propose une offre compl\u00e8te et int\u00e9gr\u00e9e, couvrant toutesles \u00e9tapes de votre projet depuis la phase de r\u00e9flexion jusqu\u2019\u00e0 la r\u00e9alisation finale ainsi que le suivi technique. Installation TRAVAUX Installation, R\u00e9fection &#038; Optimisation Travaux (Installation, R\u00e9fection &#038; Optimisation) Tropical Energy r\u00e9alise des travaux cl\u00e9s en main, fiables et conformes aux normes&#8230;<\/p>","protected":false},"author":1,"featured_media":0,"parent":0,"menu_order":0,"comment_status":"closed","ping_status":"closed","template":"","meta":{"footnotes":""},"class_list":["post-29761","page","type-page","status-publish","hentry"],"_links":{"self":[{"href":"https:\/\/tropicalenergy.bj\/en\/wp-json\/wp\/v2\/pages\/29761","targetHints":{"allow":["GET"]}}],"collection":[{"href":"https:\/\/tropicalenergy.bj\/en\/wp-json\/wp\/v2\/pages"}],"about":[{"href":"https:\/\/tropicalenergy.bj\/en\/wp-json\/wp\/v2\/types\/page"}],"author":[{"embeddable":true,"href":"https:\/\/tropicalenergy.bj\/en\/wp-json\/wp\/v2\/users\/1"}],"replies":[{"embeddable":true,"href":"https:\/\/tropicalenergy.bj\/en\/wp-json\/wp\/v2\/comments?post=29761"}],"version-history":[{"count":0,"href":"https:\/\/tropicalenergy.bj\/en\/wp-json\/wp\/v2\/pages\/29761\/revisions"}],"wp:attachment":[{"href":"https:\/\/tropicalenergy.bj\/en\/wp-json\/wp\/v2\/media?parent=29761"}],"curies":[{"name":"wp","href":"https:\/\/api.w.org\/{rel}","templated":true}]}}